{"id":64,"date":"2021-06-26T11:24:35","date_gmt":"2021-06-26T11:24:35","guid":{"rendered":"http:\/\/peterdashuber.de\/?page_id=64"},"modified":"2024-03-29T19:42:56","modified_gmt":"2024-03-29T19:42:56","slug":"datenschutz","status":"publish","type":"page","link":"https:\/\/peterdashuber.de\/impressum\/datenschutz\/","title":{"rendered":"Datenschutz"},"content":{"rendered":"<p><span style=\"width: 100%;\"><img decoding=\"async\" alt=\"\" width=\"200\" height=\"76\" title=\"Logo\" data-id=\"13\" src=\"\/\/peterdashuber.de\/wp-content\/uploads\/2021\/06\/Facebook-Cover-scaled.jpg\" style=\"aspect-ratio: auto 2560 \/ 974;\" data-width=\"200\" data-height=\"76\" data-init-width=\"2560\" data-init-height=\"974\" loading=\"lazy\"><\/span><\/p>\n<h1 style=\"text-align: center;\"><strong><strong>Datenschutzerkl\u00e4rung<\/strong><\/strong><\/h1>\n<p><strong>1. Allgemeines<\/strong><strong>1.1 Was sind personenbezogene Daten<\/strong>Personenbezogene Daten sind Angaben, die die Identit\u00e4t des Nutzers offenlegen oder offenlegen k\u00f6nnen. Wir halten uns an den Grundsatz der Datenvermeidung. Es wird soweit wie m\u00f6glich auf die Erhebung von personenbezogenen Daten verzichtet.<strong>1.2 Umgang mit personenbezogenen Daten<\/strong>Personenbezogene Daten dienen ausschlie\u00dflich der Vertragsbegr\u00fcndung, inhaltlichen Ausgestaltung, Durchf\u00fchrung oder Abwicklung des Vertragsverh\u00e4ltnisses (Art. 6 I S. 1 b DSGVO).Dar\u00fcber hinaus werden personenbezogene Daten nur verarbeitet, soweit wir hierzu Ihre Einwilligung erhalten haben (Art. 6 I S. 1 a DSGVO) bzw. es sich um Daten handelt, deren Verarbeitung f\u00fcr unsere berechtigten Interessen erforderlich ist und soweit die Abw\u00e4gung ergibt, dass keine \u00fcberwiegenden Interessen, Grundrechte oder Grundfreiheiten Ihrerseits entgegenstehen (Art. 6 I S. 1 f DSGVO).Wir k\u00f6nnen zur Verarbeitung Ihrer personenbezogenen Daten Auftragsverarbeiter verwenden, werden die personenbezogenen Daten dar\u00fcber hinaus aber grunds\u00e4tzlich nicht an Dritte weitergeben.Zur Abwicklung von Zahlungen werden die hierf\u00fcr erforderlichen Zahlungsdaten an das mit der Zahlung beauftragte Kreditinstitut und ggf. den beauftragten und gew\u00e4hlten Zahlungsdienstleister weitergegeben.Die Verarbeitung Ihrer personenbezogenen Daten erfolgt ausschlie\u00dflich innerhalb der EU, soweit nachfolgend nicht etwas Abweichendes dargelegt ist.<strong>1.3 Nutzungsdaten<\/strong>Beim Besuch der Webseite werden allgemeine technische Informationen erhoben. Dies sind die verwendete IP-Adresse, Uhrzeit, Dauer des Besuchs, Browsertyp und ggf. die Herkunftsseite. Diese Nutzungsdaten werden technisch bedingt in einem Logfile registriert und k\u00f6nnen zum Zwecke der Statistikauswertung dieser Webseite benutzt und gespeichert werden. Eine Verkn\u00fcpfung dieser Nutzungsdaten mit Ihren weiteren personenbezogenen Daten findet nicht statt.<strong>1.4 Dauer der Speicherung<\/strong>Wir speichern Ihre personenbezogenen Daten nach der Beendigung des Zwecks, f\u00fcr welchen die Daten erhoben wurden, nur solange, wie dies auf Grund der gesetzlichen (insbesondere steuerrechtlichen) Vorschriften erforderlich ist.<strong>2. Ihre Rechte<\/strong><strong>2.1 Auskunft<\/strong>Sie k\u00f6nnen von uns eine Auskunft dar\u00fcber verlangen, ob wir personenbezogene Daten von Ihnen verarbeiten und soweit dies der Fall ist haben Sie ein Recht auf Auskunft \u00fcber diese personenbezogenen Daten und auf die in Art. 15 DSGVO genannten weiteren Informationen.<strong>2.2 Recht auf Berichtigung<\/strong>Sie haben das Recht auf Berichtigung der Sie betreffenden unrichtigen personenbezogenen Daten und k\u00f6nnen gem\u00e4\u00df Art. 16 DSGVO die Vervollst\u00e4ndigung unvollst\u00e4ndiger personenbezogener Daten verlangen.<strong>2.3 Recht auf L\u00f6schung<\/strong>Sie haben das Recht von uns zu verlangen, dass die Sie betreffenden personenbezogenen Daten unverz\u00fcglich gel\u00f6scht werden. Wir sind verpflichtet diese unverz\u00fcglich zu l\u00f6schen, insbesondere sofern einer der folgenden Gr\u00fcnde zutrifft:<\/p>\n<ul type=\"disc\">\n<li>Ihre personenbezogenen Daten sind f\u00fcr die Zwecke, f\u00fcr die sie erhoben oder auf sonstige Weise verarbeitet wurden, nicht mehr notwendig.<\/li>\n<li>Sie widerrufen ihre Einwilligung, auf die sich die Verarbeitung Ihrer Daten st\u00fctzte, und es fehlt an einer anderweitigen Rechtsgrundlage f\u00fcr die Verarbeitung.<\/li>\n<li>Ihre Daten wurden unrechtm\u00e4\u00dfig verarbeitet.<\/li>\n<\/ul>\n<p>Das Recht auf L\u00f6schung besteht nicht, soweit Ihre personenbezogenen Daten zur Geltendmachung, Aus\u00fcbung oder Verteidigung unserer Rechtsanspr\u00fcche erforderlich sind.<strong>2.4 Recht auf Einschr\u00e4nkung der Verarbeitung<\/strong>Sie haben das Recht von uns die Einschr\u00e4nkung der Verarbeitung Ihrer personenbezogenen Daten zu verlangen, wenn<\/p>\n<ul type=\"disc\">\n<li>Sie die Richtigkeit der Daten bestreiten und wir daher die Richtigkeit \u00fcberpr\u00fcfen,<\/li>\n<li>die Verarbeitung unrechtm\u00e4\u00dfig ist und Sie die L\u00f6schung ablehnen und stattdessen die Einschr\u00e4nkung der Nutzung verlangen<\/li>\n<li>wir die Daten nicht l\u00e4nger ben\u00f6tigen, Sie diese jedoch zur Geltendmachung, Aus\u00fcbung oder Verteidigung von Rechtsanspr\u00fcchen ben\u00f6tigen,<\/li>\n<li>Sie Widerspruch gegen die Verarbeitung Ihrer Daten eingelegt haben, und noch nicht feststeht, ob unsere berechtigten Gr\u00fcnde gegen\u00fcber Ihren Gr\u00fcnden \u00fcberwiegen.<\/li>\n<\/ul>\n<p>&nbsp;<\/p>\n<p><strong>2.5 Recht auf Daten\u00fcbertragbarkeit<\/strong>Sie haben das Recht die Sie betreffenden personenbezogenen Daten, die Sie uns bereitgestellt haben, in einem strukturierten, g\u00e4ngigen und maschinenlesbaren Format zu erhalten und Sie haben das Recht, diese Daten einem anderen Verantwortlichen ohne Behinderung durch uns zu \u00fcbermitteln, sofern die Verarbeitung auf einer Einwilligung oder einem Vertrag beruht und die Verarbeitung bei uns mithilfe automatisierter Verfahren erfolgt.<strong>2.6 Widerrufsrecht<\/strong>Soweit die Verarbeitung Ihrer personenbezogenen Daten auf einer Einwilligung beruht, haben Sie das Recht diese Einwilligung jederzeit zu widerrufen.<strong>2.7 Allgemeines und Beschwerderecht<\/strong>Die Aus\u00fcbung Ihrer vorstehenden Rechte ist f\u00fcr Sie grunds\u00e4tzlich kostenlos. Sie haben das Recht sich bei Beschwerden direkt an die f\u00fcr uns zust\u00e4ndige Aufsichtsbeh\u00f6rde, den Landesdatenschutzbeauftragen, zu wenden.<strong>3. Datensicherheit<\/strong><strong>3.1 Datensicherheit<\/strong>S\u00e4mtliche Daten auf unserer Website werden durch technische und organisatorische Ma\u00dfnahmen gegen Verlust, Zerst\u00f6rung, Zugriff, Ver\u00e4nderung und Verbreitung gesichert.<strong>3.2 Sessions und Cookies<\/strong>Zur Bedienung des Internetauftritts setzen wir Cookies bzw. serverseitige Sessions ein, in denen Daten gespeichert werden k\u00f6nnen. Wir stellen sicher, dass ohne Ihre ausdr\u00fcckliche Einwilligung keine personenbezogenen Daten aus Sessions oder durch Cookies \u00fcbernommen werden und Cookies nur eingesetzt werden, sofern dies f\u00fcr die Website technisch erforderlich ist (z.B. Spamschutz bei Kontaktformular, Warenkorbfunktion) und somit die Abw\u00e4gung ergibt, dass keine \u00fcberwiegenden Interessen Ihrerseits entgegenstehen (Art. 6 I S. 1 f DSGVO) bzw. eine ausdr\u00fcckliche Einwilligung Ihrerseits vorliegt.Wir verwenden nach Ihrer ausdr\u00fccklichen Einwilligung Cookies, um Inhalte und Anzeigen zu personalisieren, Funktionen f\u00fcr soziale Medien anbieten zu k\u00f6nnen und die Zugriffe auf unsere Website zu analysieren. Die Informationen zu Ihrer Verwendung unserer Website k\u00f6nnen wir mit Ihrer Einwilligung an unsere Partner f\u00fcr soziale Medien, Werbung und Analysen weitergeben. Unsere Partner k\u00f6nnen m\u00f6glicherweise diese Informationen mit weiteren Daten zusammenf\u00fchren, die die Partner bereits von Ihnen besitzen.Nachfolgend finden Sie die Domain, den Namen und die Laufzeit der nur auf Grund Ihrer Einwilligung genutzten Cookies:<a style=\"outline: none;\"><strong>Drittanbieter Cookies<\/strong><\/a><\/p>\n<p><a style=\"outline: none;\"><strong><\/strong><strong>Domain<\/strong>&nbsp; &nbsp; &nbsp; &nbsp; &nbsp; &nbsp; &nbsp; &nbsp; &nbsp; &nbsp; &nbsp; &nbsp; &nbsp; &nbsp; &nbsp; &nbsp; &nbsp; &nbsp; &nbsp; &nbsp; &nbsp; &nbsp; &nbsp; &nbsp; &nbsp;<strong>Name<\/strong>&nbsp; &nbsp; &nbsp; &nbsp; &nbsp; &nbsp; &nbsp; &nbsp; &nbsp; &nbsp; &nbsp; &nbsp; &nbsp; &nbsp; &nbsp; &nbsp; &nbsp; &nbsp; &nbsp; &nbsp; &nbsp; &nbsp; &nbsp; &nbsp; &nbsp; &nbsp; &nbsp; &nbsp; &nbsp; &nbsp; &nbsp; &nbsp;<strong>Laufzeit<\/strong><\/a> .wufoo.com &nbsp; &nbsp; &nbsp; &nbsp; &nbsp; &nbsp; &nbsp; &nbsp; &nbsp; &nbsp; &nbsp; &nbsp; &nbsp; &nbsp; &nbsp; &nbsp; &nbsp; &nbsp; &nbsp; &nbsp; &nbsp;ep201 &nbsp; &nbsp; &nbsp; &nbsp; &nbsp; &nbsp; &nbsp; &nbsp; &nbsp; &nbsp; &nbsp; &nbsp; &nbsp; &nbsp; &nbsp; &nbsp; &nbsp; &nbsp; &nbsp; &nbsp; &nbsp; &nbsp; &nbsp; &nbsp; &nbsp; &nbsp; &nbsp; &nbsp; &nbsp; &nbsp; &nbsp; 30 Minuten<\/p>\n<p>peterdashuber.wufoo.com &nbsp; &nbsp; &nbsp; &nbsp; &nbsp; &nbsp; &nbsp; _splunk_rum_sid &nbsp; &nbsp; &nbsp; &nbsp; &nbsp; &nbsp; &nbsp; &nbsp; &nbsp; &nbsp; &nbsp; &nbsp; &nbsp; &nbsp; &nbsp; &nbsp; &nbsp; &nbsp; &nbsp; &nbsp; &nbsp; &nbsp; 4 Stunden<\/p>\n<p><strong>4. Newsletter<\/strong>Wenn Sie sich zu unserem Newsletter anmelden, verwenden wir die hierf\u00fcr erforderlichen oder gesondert von Ihnen mitgeteilten Daten, um Ihnen regelm\u00e4\u00dfig unseren E-Mail-Newsletter aufgrund Ihrer Einwilligung gem\u00e4\u00df Art. 6 I S. 1 a DSGVO zuzusenden.Die Abmeldung vom Newsletter ist jederzeit m\u00f6glich und kann entweder durch eine Nachricht an uns \u00fcber die im Impressum angegebenen Kontaktm\u00f6glichkeiten oder \u00fcber den daf\u00fcr vorgesehenen Link im Newsletter erfolgen. Nach Abmeldung l\u00f6schen wir Ihre E-Mail-Adresse, soweit Sie nicht ausdr\u00fccklich in eine weitere Nutzung Ihrer Daten eingewilligt haben oder wir uns eine dar\u00fcber hinausgehende Datenverwendung vorbehalten, die gesetzlich erlaubt ist und \u00fcber die wir Sie in dieser Erkl\u00e4rung informieren.<strong>5. Pr\u00e4senz auf Social-Media-Plattformen<\/strong>Wir nutzen nachfolgende Social-Media-Plattformen zur Unternehmensdarstellung und Kommunikation (auf die nachfolgend verlinkten Datenschutzerkl\u00e4rungen und Opt-Out-M\u00f6glichkeiten wird ausdr\u00fccklich Bezug genommen).<\/p>\n<p>&nbsp;<\/p>\n<p><em>Facebook (Meta Platforms Ireland Ltd., 4 Grand Canal Square, Dublin 2, Irland)Datenschutzerkl\u00e4rung: <\/em><a href=\"https:\/\/www.facebook.com\/about\/privacy\/\" target=\"_blank\" style=\"outline: none;\" rel=\"noopener\"><em>https:\/\/www.facebook.com\/about\/privacy\/<\/em><\/a><em>Opt-Out: <\/em><a href=\"http:\/\/www.youronlinechoices.com\" target=\"_blank\" style=\"outline: none;\" rel=\"noopener\"><em>http:\/\/www.youronlinechoices.com<\/em><\/a><em>Instagram (Meta Platforms Ireland Ltd., 4 Grand Canal Square, Dublin 2, Irland)Datenschutzerkl\u00e4rung und Opt-Out: <\/em><a href=\"http:\/\/instagram.com\/about\/legal\/privacy\/\" target=\"_blank\" style=\"outline: none;\" rel=\"noopener\"><em>http:\/\/instagram.com\/about\/legal\/privacy\/<\/em><\/a><em>LinkedIn (LinkedIn Ireland Unlimited Company Wilton Place, Dublin 2, Irland)Datenschutzerkl\u00e4rung <\/em><a href=\"https:\/\/www.linkedin.com\/legal\/privacy-policy\" target=\"_blank\" style=\"outline: none;\" rel=\"noopener\"><em>https:\/\/www.linkedin.com\/legal\/privacy-policy<\/em><\/a><em>Opt-Out: <\/em><a href=\"https:\/\/www.linkedin.com\/psettings\/guest-controls\/retargeting-opt-out\" target=\"_blank\" style=\"outline: none;\" rel=\"noopener\"><em>https:\/\/www.linkedin.com\/psettings\/guest-controls\/retargeting-opt-out<\/em><\/a><em>YouTube (Google Ireland Limited, Gordon House, Barrow Street, Dublin 4, Irland)Datenschutzerkl\u00e4rung:&nbsp;<\/em><a href=\"http:\/\/www.youtube.com\/t\/privacy\/\" style=\"outline: none;\" target=\"_blank\" rel=\"noopener\"><em>http:\/\/www.youtube.com\/t\/privacy\/<\/em><\/a><\/p>\n<p><em>&nbsp;<\/em><\/p>\n<p><em>Diese Social-Media-Plattformen k\u00f6nnen ggf. personenbezogene Daten au\u00dferhalb der EU verarbeiten, wir verweisen insoweit auf die vorstehenden Datenschutzerkl\u00e4rungen der Social-Media-Plattformen.Die jeweiligen Social-Media-Plattformen k\u00f6nnen ggf. aus Ihrem Nutzungsverhalten und den sich hieraus ergebenden Interessen und Aktionen Ihrerseits Nutzungsprofile erstellen und Cookies auf Ihrem Rechner speichern, in denen Ihr Nutzungsverhalten gespeichert ist. Wenn Sie auf der jeweiligen Social-Media-Plattform einen Account besitzen und eingeloggt sind, kann Ihr Nutzungsverhalten sogar ger\u00e4teunabh\u00e4ngig gespeichert werden. Ihr Nutzungsprofil kann verwendet werden, um z.B. Werbeanzeigen zu platzieren, die mutma\u00dflich Ihren Interessen entsprechen.Wir verarbeiten die personenbezogenen Daten ausschlie\u00dflich zur Kommunikation mit Ihnen \u00fcber die von Ihnen gew\u00e4hlte Social-Media-Plattform sowie zur Optimierung unserer Onlinepr\u00e4senz und achten darauf, dass hier keine Interessen Ihrerseits betroffen sind, welche dieses berechtigte Interesse unsererseits \u00fcberwiegen (Art. 6 I S. 1 f DSGVO). Soweit Sie bereits dem jeweiligen Betreiber der Social-Media-Plattform eine wirksame Einwilligung zur entsprechenden Datenverarbeitung gegeben haben, erfolgt die Verarbeitung Ihrer personenbezogenen Daten auch auf Basis dieser Einwilligung (Art. 6 I S. 1 a DSGVO).<strong><\/strong><\/em><strong>6. Dienste von Drittanbietern6.1 Social-Media-Links<\/strong><\/p>\n<p>Wir haben bei den \u00fcber Links von dieser Website zu erreichenden Drittanbietern eigene Social-Media-Seiten. Durch die Nutzung der Links gelangen Sie auf die jeweiligen Internetseiten der Drittanbieter (z.B. Facebook, Instagram). Wir empfehlen zur Vermeidung einer unn\u00f6tigen Datenweitergabe vor der Nutzung eines entsprechenden Links sich selbst bei dem jeweiligen Drittanbieter auszuloggen, damit nicht schon durch die Verwendung des Links u.U. Nutzungsprofile durch den Drittanbieter erstellt werden k\u00f6nnen.<strong><strong>6.2 Verwendung von Youtube<\/strong><\/strong><\/p>\n<p><a name=\"_Hlk99957248\" style=\"outline: none;\">Diese Webseite und&nbsp;<\/a><a name=\"_Hlk99699023\" style=\"outline: none;\">die integrierten Angebote enthalten sogenannte Einbettungen von Videos<\/a>&nbsp;auf YouTube.&nbsp;<a name=\"_Hlk99699044\" style=\"outline: none;\">Diese erm\u00f6glichen die Verbindung zu YouTube und den dort hinterlegten Videos<\/a>.&nbsp;YouTube ist ein Angebot der Google Ireland Limited, Gordon House, Barrow Street, Dublin 4, Irland (\u201cGoogle\u201d).&nbsp;<a name=\"_Hlk99699326\" style=\"outline: none;\">Hier sind keine Interessen der Nutzer betroffen, welche diese technische Notwendigkeit der Einbindung der Videos \u00fcberwiegen (Art. 6 I S. 1 f DSGVO).&nbsp;<\/a>Zweck und Umfang der Datenerhebung und Datennutzung durch Google sowie Ihre Rechte und Einstellungsm\u00f6glichkeiten zum Schutz als Kunde von YouTube entnehmen Sie bitte den Datenschutzhinweisen von YouTube. Diese finden Sie unter:&nbsp;<a href=\"http:\/\/www.youtube.com\/t\/privacy\/\" style=\"outline: none;\" target=\"_blank\" rel=\"noopener\">http:\/\/www.youtube.com\/t\/privacy\/<\/a>.<strong><strong><strong>6.3 Verwendung von Wistia&nbsp;<\/strong><\/strong><\/strong><\/p>\n<p>Diese Webseite enth\u00e4lt sogenannte Einbettungen von Videos auf Wistia. Diese erm\u00f6glichen die Verbindung zu Wistia und den dort hinterlegten Videos. Wistia wird betrieben von der Wistia, Inc., 120 Brookline Street, Cambridge, Massachusetts, 02139 USA. Die Nutzung erfolgt nur mit Ihrer Einwilligung (Art. 6 I S. 1 a DSGVO). Zweck und Umfang der Datenerhebung und Datennutzung durch Wistia sowie Ihre Rechte und Einstellungsm\u00f6glichkeiten zum Schutz als Kunde von Wistia entnehmen Sie bitte den Datenschutzhinweisen von Wistia. Diese finden Sie unter: <a href=\"https:\/\/wistia.com\/privacy\" style=\"outline: none;\" target=\"_blank\" rel=\"noopener\">https:\/\/wistia.com\/privacy<\/a><strong><strong><strong><strong>6.4 Verwendung von Wufoo<\/strong><\/strong><\/strong><\/strong><\/p>\n<p>Wir nutzen den Dienst Wufoo f\u00fcr unser Kontaktformular betrieben von &nbsp;der SurveyMonkey Inc., 101 Lytton Avenue Palo Alto, CA 94301, USA. Es werden die von Ihnen in das Kontaktformular eingegebenen Inhalte verarbeitet und gespeichert. Wufoo verarbeitet die Daten au\u00dferhalb der Europ\u00e4ischen Union (USA). Die Nutzung von Wufoo erfolgt nur mit Ihrer Einwilligung (Art. 6 I S. 1 a DSGVO). Die Datenschutzerkl\u00e4rung von Wufoo k\u00f6nnen Sie hier einsehen: <a href=\"https:\/\/www.wufoo.com\/privacy\/\" style=\"outline: none;\" target=\"_blank\" rel=\"noopener\">https:\/\/www.wufoo.com\/privacy\/<\/a>.<strong><strong><strong><strong><strong>6.5 Zoom<\/strong><\/strong><\/strong><\/strong><\/strong><\/p>\n<p>Wir nutzen das Tool Zoom (betrieben von der Zoom Video Communications Inc., 55 Almaden Blvd 6th Floor San Jose, CA 95113, USA), um Telefonkonferenzen, Online-Meetings, Videokonferenzen und\/oder Webinare durchzuf\u00fchren (nachfolgend: \u201eMeetings\u201c). Soweit Sie die Internetseite und\/oder die App von Zoom aufrufen\/nutzen, befinden Sie sich im Verantwortungsbereich von Zoom. Ggf. m\u00fcssen Sie die jeweilige Meeting-ID und weitere Zugangsdaten eingeben. Zoom kann hierbei folgende u.a. personenbezogene Daten, auch au\u00dferhalb der Europ\u00e4ischen Union (insbesondere den USA), verarbeiten:<\/p>\n<p>&nbsp;<\/p>\n<p>Benutzerdaten: Vorname, Nachname, Telefon, E-Mail-Adresse, Passwort (wenn \u201eSingle-Sign-On\u201c nicht verwendet wird), Profilbild<\/p>\n<p>Meeting-Metadaten: Thema, Beschreibung, Teilnehmer-IP-Adressen, Ger\u00e4te-\/Hardware-Informationen<\/p>\n<p>Bei Aufzeichnungen: MP4-Datei aller Video-, Audio- und Pr\u00e4sentationsaufnahmen, M4A-Datei aller Audioaufnahmen, Textdatei des Online-Meeting-Chats<\/p>\n<p>Bei Einwahl mit dem Telefon: Angabe zur eingehenden und ausgehenden Rufnummer, L\u00e4ndername, Start- und Endzeit. Ggf. k\u00f6nnen weitere Verbindungsdaten wie z.B. die IP-Adresse des Ger\u00e4ts gespeichert werden.<\/p>\n<p>Text-, Audio- und Videodaten: Sie haben ggf. die M\u00f6glichkeit, in einem \u201eOnline-Meeting\u201c die Chat-, Fragen- oder Umfragenfunktionen zu nutzen. Insoweit werden die von Ihnen gemachten Texteingaben verarbeitet, um diese im Meeting anzuzeigen und ggf. zu protokollieren. Um die Anzeige von Video und die Wiedergabe von Audio zu erm\u00f6glichen, werden entsprechend w\u00e4hrend der Dauer des Meetings die Daten vom Mikrofon Ihres Endger\u00e4ts sowie von einer etwaigen Videokamera des Endger\u00e4ts verarbeitet. Sie k\u00f6nnen die Kamera oder das Mikrofon jederzeit selbst \u00fcber die Zoom-Applikationen abschalten bzw. stummstellen.<\/p>\n<p>Ggf. gestellte Fragen der Teilnehmer oder Ergebnisse des Meetings<\/p>\n<p>&nbsp;<\/p>\n<p>Die Angabe des Namens oder eines gew\u00fcnschten Pseudonyms ist Voraussetzung zum Beitritt eines Meetings.&nbsp;<\/p>\n<p>Sofern ein Meeting aufgezeichnet werden soll, bedarf dies vorab der Einwilligung eines jeden Teilnehmers.&nbsp;<\/p>\n<p>Wenn Sie bei Zoom als Benutzer registriert sind, dann k\u00f6nnen Berichte \u00fcber Meetings (Meeting-Metadaten, Daten zur Telefoneinwahl, Fragen und Antworten in Webinaren, Umfragefunktion in Webinaren) bis zu einem Monat bei Zoom gespeichert werden.&nbsp;<\/p>\n<p><a name=\"_Hlk99699741\" style=\"outline: none;\">Die Rechtsgrundlage f\u00fcr die Nutzung von Zoom ist Ihre Einwilligung gem\u00e4\u00df Art. 6 I S. 1 a DSGVO.<\/a><\/p>\n<p>Die Datenschutzerkl\u00e4rung von Zoom k\u00f6nnen Sie hier einsehen:&nbsp;<a href=\"https:\/\/zoom.us\/de-de\/privacy.html\" style=\"outline: none;\" target=\"_blank\" rel=\"noopener\">https:\/\/zoom.us\/de-de\/privacy.html<\/a><\/p>\n<\/p>\n<p><strong><strong><strong><strong><strong>6.6 GoCardless<\/strong><\/strong><\/strong><\/strong><\/strong><\/p>\n<p>Wir nutzen den Zahlungsdienstleister GoCardless (Lastschrift), betrieben von GoCardless SAS, 23-25 Avenue Mac-Mahon, Paris, 75017, Frankreich. Zu diesem Zweck werden GoCardless die uns im Rahmen der Beauftragung mitgeteilten Informationen nebst den Informationen \u00fcber Sie (Name, Anschrift, Kontonummer, Bankleitzahl, Betrag) gem\u00e4\u00df Art. 6 I S.1 b DSGVO weitergeben. Die Weitergabe Ihrer Daten erfolgt ausschlie\u00dflich zum Zwecke der Zahlungsabwicklung. Die Datenschutzerkl\u00e4rung von GoCardless k\u00f6nnen Sie hier einsehen: <a href=\"https:\/\/gocardless.com\/de-de\/rechtliches\/datenschutz\/\" style=\"outline: none;\" target=\"_blank\" rel=\"noopener\">https:\/\/gocardless.com\/de-de\/rechtliches\/datenschutz\/<\/a><\/p>\n<p><strong><strong><strong>&nbsp;<\/strong><\/strong><\/strong><\/p>\n<p><strong><strong><strong>6.7 Nutzung von WhatsApp Business<\/strong><\/strong><\/strong><\/p>\n<p>Wir k\u00f6nnen WhatsApp Business zur Kommunikation mit Ihnen nutzen. Anbieter ist die WhatsApp Ireland Limited, 4 Grand Canal Square, Grand Canal Harbour, Dublin 2.Die von Ihnen zum Zwecke der Kommunikation eingegebenen Daten (Vorname, Nachname und Mobilfunknummer) werden bei uns und auf den Servern der WhatsApp Ireland Limited bzw. WhatsApp Inc. (1601 Willow Road, Menlo Park, Kalifornien 94025, USA) innerhalb und au\u00dferhalb der EU (z.B. USA) gespeichert. Die WhatsApp Ireland Limited bzw. WhatsApp Inc. speichern und verarbeiten personenbezogene Daten und geben diese an andere Unternehmen innerhalb und au\u00dferhalb der Meta-Unternehmensgruppe weiter (Meta Platforms Inc., 1601 S. California Ave, Palo Alto, Kalifornien 94304, USA). Weitere Informationen hierzu enth\u00e4lt die Datenschutzrichtlinie von WhatsApp (<a href=\"https:\/\/www.whatsapp.com\/legal\/#privacy-policy\" target=\"_blank\" style=\"outline: none;\" rel=\"noopener\">https:\/\/www.whatsapp.com\/legal\/#privacy-policy<\/a>). Wir haben weder genaue Kenntnis noch Einfluss auf die Datenverarbeitung durch die WhatsApp Ireland Limited bzw. WhatsApp Inc. Die Datenverarbeitung erfolgt auf Grundlage Ihrer Einwilligung (Art. 6 I S.1 a DSGVO). Sie k\u00f6nnen diese Einwilligung jederzeit widerrufen. Die Rechtm\u00e4\u00dfigkeit der bereits erfolgten Datenverarbeitungsvorg\u00e4nge bleibt vom Widerruf unber\u00fchrt.<\/p>\n<p><strong><strong><strong>&nbsp;<\/strong><\/strong><\/strong><\/p>\n<p><strong><strong><strong>6.8 Verwendung von Google Kalender<\/strong><\/strong><\/strong><\/p>\n<p>Wir nutzen den Dienst Google Kalender, betrieben von der Google Ireland Limited, Gordon House, Barrow Street, Dublin 4, Irland (\u201eGoogle\u201c). Dieser Dienst dient zur \u00dcbertragung von Terminen in den Google Kalender. Durch Nutzung dieses Dienstes werden auch Daten \u00fcber die Nutzung der Kalender-Funktion erhoben, verarbeitet und genutzt. Die Nutzung erfolgt nur mit Ihrer Einwilligung (Art. 6 I S. 1 a DSGVO). Die Datenschutzhinweise von Google k\u00f6nnen Sie auf <a href=\"http:\/\/www.google.de\/intl\/de\/policies\/privacy\/\" target=\"_blank\" style=\"outline: none;\" rel=\"noopener\">http:\/\/www.google.de\/intl\/de\/policies\/privacy\/<\/a> einsehen. Die zus\u00e4tzlichen Nutzungshinweise f\u00fcr Google-Kalender finden Sie unter <a href=\"https:\/\/www.google.com\/intl\/de\/googlecalendar\/partner_program_policies.html\" style=\"outline: none;\" target=\"_blank\" rel=\"noopener\">https:\/\/www.google.com\/intl\/de\/googlecalendar\/partner_program_policies.html<\/a>.<\/p>\n<p><strong><strong>&nbsp;<\/strong><\/strong><\/p>\n<p><strong><strong><strong>6.9 Verwendung von easybill<\/strong><\/strong><\/strong><\/p>\n<p>Wir nutzen f\u00fcr die Rechnungserstellen den Anbieter easybill betrieben von der easybill GmbH, D\u00fcsselstr. 21, 41564 Kaarst. Personenbezogene Daten werden gem\u00e4\u00df Art. 6 I S. 1 b DSGVO ausschlie\u00dflich zur Abwicklung der Beauftragung an easybill weitergegeben. Die Datenschutzerkl\u00e4rung von easybill k\u00f6nnen Sie hier einsehen: <a href=\"https:\/\/www.easybill.de\/datenschutz\" style=\"outline: none;\" target=\"_blank\" rel=\"noopener\">https:\/\/www.easybill.de\/datenschutz<\/a><\/p>\n<p><strong><strong>&nbsp;<\/strong><\/strong><\/p>\n<p><strong><strong><strong>7. Kontaktaufnahme<\/strong><\/strong><\/strong>Zur Kontaktaufnahme bez\u00fcglich des Datenschutzes k\u00f6nnen Sie sich gern an uns unter Verwendung der nachfolgenden Kontaktm\u00f6glichkeiten wenden. Verantwortlicher im Sinne der DSGVO:<em><strong><strong><\/strong><\/strong><\/em><strong><strong><strong>Herr Peter Dashuber&nbsp;<\/strong><\/strong><\/strong><\/p>\n<p>Landsbergerstr. 30280687 M\u00fcnchenTelefon: +49 89 20000626<\/p>\n<p>Telefax: +49 89 20001335E-Mail:&nbsp;<a href=\"mailto:kontakt@peterdashuber.de\" style=\"outline: none;\">kontakt@peterdashuber.de<\/a><\/p>\n<p>Copyright \u00a9 2018<span style=\"color: rgb(167, 167, 167);\"><a href=\"\/impressum\" style=\"outline: none;\" target=\"_blank\" rel=\"noopener\">Impressum<\/a> \/ <a href=\"\/Datenschutz\" target=\"_blank\" style=\"outline: none;\" rel=\"noopener\">Datenschutzerkl\u00e4rung<\/a><\/span><\/p>\n<p style=\"text-align: center;\">\n<p style=\"text-align: center;\">This site is not a part of the Facebook website or Facebook Inc. Additionally, This site is NOT endorsed by Facebook in any way. FACEBOOK is a trademark of FACEBOOK, Inc.<\/p>\n","protected":false},"excerpt":{"rendered":"<p>Datenschutzerkl\u00e4rung 1. Allgemeines1.1 Was sind personenbezogene DatenPersonenbezogene Daten sind Angaben, die die Identit\u00e4t des Nutzers offenlegen oder offenlegen k\u00f6nnen. Wir halten uns an den Grundsatz der Datenvermeidung. Es wird soweit wie m\u00f6glich auf die Erhebung von personenbezogenen Daten verzichtet.1.2 Umgang mit personenbezogenen DatenPersonenbezogene Daten dienen ausschlie\u00dflich der Vertragsbegr\u00fcndung, inhaltlichen Ausgestaltung, Durchf\u00fchrung oder Abwicklung des Vertragsverh\u00e4ltnisses&hellip; <a class=\"more-link\" href=\"https:\/\/peterdashuber.de\/impressum\/datenschutz\/\"><span class=\"screen-reader-text\">Datenschutz<\/span> weiterlesen<\/a><\/p>\n","protected":false},"author":1,"featured_media":0,"parent":0,"menu_order":0,"comment_status":"closed","ping_status":"closed","template":"","meta":{"footnotes":""},"class_list":["post-64","page","type-page","status-publish","hentry","entry"],"_links":{"self":[{"href":"https:\/\/peterdashuber.de\/impressum\/wp-json\/wp\/v2\/pages\/64","targetHints":{"allow":["GET"]}}],"collection":[{"href":"https:\/\/peterdashuber.de\/impressum\/wp-json\/wp\/v2\/pages"}],"about":[{"href":"https:\/\/peterdashuber.de\/impressum\/wp-json\/wp\/v2\/types\/page"}],"author":[{"embeddable":true,"href":"https:\/\/peterdashuber.de\/impressum\/wp-json\/wp\/v2\/users\/1"}],"replies":[{"embeddable":true,"href":"https:\/\/peterdashuber.de\/impressum\/wp-json\/wp\/v2\/comments?post=64"}],"version-history":[{"count":28,"href":"https:\/\/peterdashuber.de\/impressum\/wp-json\/wp\/v2\/pages\/64\/revisions"}],"predecessor-version":[{"id":294,"href":"https:\/\/peterdashuber.de\/impressum\/wp-json\/wp\/v2\/pages\/64\/revisions\/294"}],"wp:attachment":[{"href":"https:\/\/peterdashuber.de\/impressum\/wp-json\/wp\/v2\/media?parent=64"}],"curies":[{"name":"wp","href":"https:\/\/api.w.org\/{rel}","templated":true}]}}